{"id":2252,"date":"2025-01-18T04:20:50","date_gmt":"2025-01-18T10:20:50","guid":{"rendered":"https:\/\/grandjaguartours.com\/?post_type=product&#038;p=2252"},"modified":"2025-03-30T17:43:41","modified_gmt":"2025-03-30T23:43:41","slug":"favorites-tour","status":"publish","type":"product","link":"https:\/\/grandjaguartours.com\/es\/product\/favorites-tour\/","title":{"rendered":"Tour favorito"},"content":{"rendered":"<p>Inclusions:<\/p>\n<ul>\n<li>Transportation<\/li>\n<li>Breakfast at the hotel<\/li>\n<li>Paseo en lancha por el Lago Atitl\u00e1n<\/li>\n<\/ul>\n<p>Highlights:<\/p>\n<ul>\n<li>Arco de Santa Catalina<\/li>\n<li>Iglesia de la Merced<\/li>\n<li>Santa Clara Convent<\/li>\n<li>Cerro de la Cruz<\/li>\n<li>Traditional dinner and tours of Lake Atitl\u00e1n<\/li>\n<\/ul>\n<p>&nbsp;<\/p>","protected":false},"excerpt":{"rendered":"<p>Sum\u00e9rgete en el encanto de Antigua, Guatemala, una ciudad de calles empedradas, vibrante arquitectura colonial y rica historia, antes de aventurarte hacia la impresionante belleza del Lago Atitl\u00e1n. Durante tres d\u00edas inolvidables, explora las antiguas ruinas y mercados llenos de vida de Antigua, y luego viaja a las tranquilas orillas del lago, rodeado de volcanes y coloridos pueblos mayas. Con gu\u00edas expertos y experiencias culturales aut\u00e9nticas, este tour ofrece la combinaci\u00f3n perfecta de historia, naturaleza y tradiciones locales.<\/p>\n<p><strong>Tour en Antigua Guatemala &amp; Panajachel.<\/strong><\/p>\n<p><strong>Duraci\u00f3n:<\/strong> 3 d\u00edas, 2 noches (Hotel de 3 o 4 estrellas)<\/p>\n<p><strong style=\"font-size: 16px;\">\u00bfQu\u00e9 incluye?:\u00a0<\/strong><\/p>\n<ul>\n<li>Traslados Ciudad de Guatemala, Antigua Guatemala, Panajachel, regreso.<\/li>\n<li>3 or 4 star hotel accommodation with breakfast included<\/li>\n<\/ul>\n<p><strong>Lugares a Visitar<\/strong><\/p>\n<p>Antigua Guatemala: Iglesia la Merced, Arco de Santa Catalina, Parque Central, Convento Santa Cruz y Cerro de la Cruz.<\/p>\n<p>Panajachel: Tour en el pueblo, tour de textiles y cer\u00e1micas, 6 horas de viaje en lancha en San Marcos, San Pedro y San Juan la Laguna.<\/p>","protected":false},"featured_media":2229,"comment_status":"open","ping_status":"closed","template":"","meta":{"site-sidebar-layout":"default","site-content-layout":"","ast-site-content-layout":"default","site-content-style":"default","site-sidebar-style":"default","ast-global-header-display":"","ast-banner-title-visibility":"","ast-main-header-display":"","ast-hfb-above-header-display":"","ast-hfb-below-header-display":"","ast-hfb-mobile-header-display":"","site-post-title":"","ast-breadcrumbs-content":"","ast-featured-img":"","footer-sml-layout":"","ast-disable-related-posts":"","theme-transparent-header-meta":"enabled","adv-header-id-meta":"","stick-header-meta":"default","header-above-stick-meta":"","header-main-stick-meta":"","header-below-stick-meta":"","astra-migrate-meta-layouts":"set","ast-page-background-enabled":"default","ast-page-background-meta":{"desktop":{"background-color":"","background-image":"","background-repeat":"repeat","background-position":"center center","background-size":"auto","background-attachment":"scroll","background-type":"","background-media":"","overlay-type":"","overlay-color":"","overlay-opacity":"","overlay-gradient":""},"tablet":{"background-color":"","background-image":"","background-repeat":"repeat","background-position":"center center","background-size":"auto","background-attachment":"scroll","background-type":"","background-media":"","overlay-type":"","overlay-color":"","overlay-opacity":"","overlay-gradient":""},"mobile":{"background-color":"","background-image":"","background-repeat":"repeat","background-position":"center center","background-size":"auto","background-attachment":"scroll","background-type":"","background-media":"","overlay-type":"","overlay-color":"","overlay-opacity":"","overlay-gradient":""}},"ast-content-background-meta":{"desktop":{"background-color":"var(--ast-global-color-5)","background-image":"","background-repeat":"repeat","background-position":"center center","background-size":"auto","background-attachment":"scroll","background-type":"","background-media":"","overlay-type":"","overlay-color":"","overlay-opacity":"","overlay-gradient":""},"tablet":{"background-color":"var(--ast-global-color-5)","background-image":"","background-repeat":"repeat","background-position":"center center","background-size":"auto","background-attachment":"scroll","background-type":"","background-media":"","overlay-type":"","overlay-color":"","overlay-opacity":"","overlay-gradient":""},"mobile":{"background-color":"var(--ast-global-color-5)","background-image":"","background-repeat":"repeat","background-position":"center center","background-size":"auto","background-attachment":"scroll","background-type":"","background-media":"","overlay-type":"","overlay-color":"","overlay-opacity":"","overlay-gradient":""}}},"product_brand":[],"product_cat":[33],"product_tag":[],"class_list":{"0":"post-2252","1":"product","2":"type-product","3":"status-publish","4":"has-post-thumbnail","6":"product_cat-favorite-tour","7":"desktop-align-left","8":"tablet-align-left","9":"mobile-align-left","10":"ast-product-gallery-layout-horizontal-slider","11":"ast-product-tabs-layout-horizontal","13":"first","14":"instock","15":"virtual","16":"purchasable","17":"product-type-simple"},"yoast_head":"<!-- This site is optimized with the Yoast SEO plugin v27.4 - https:\/\/yoast.com\/product\/yoast-seo-wordpress\/ -->\n<title>Grand Jaguar Tours | Start a real adventure in Guatemala<\/title>\n<meta name=\"description\" content=\"Walk in our colonial streets, sail in the most beautiful lake on the world and live an a real adventure in the tropical jungle of Tikal.\" \/>\n<meta name=\"robots\" content=\"index, follow, max-snippet:-1, max-image-preview:large, max-video-preview:-1\" \/>\n<link rel=\"canonical\" href=\"https:\/\/grandjaguartours.com\/es\/product\/favorites-tour\/\" \/>\n<meta property=\"og:locale\" content=\"es_ES\" \/>\n<meta property=\"og:type\" content=\"article\" \/>\n<meta property=\"og:title\" content=\"Grand Jaguar Tours | Start a real adventure in Guatemala\" \/>\n<meta property=\"og:description\" content=\"Walk in our colonial streets, sail in the most beautiful lake on the world and live an a real adventure in the tropical jungle of Tikal.\" \/>\n<meta property=\"og:url\" content=\"https:\/\/grandjaguartours.com\/es\/product\/favorites-tour\/\" \/>\n<meta property=\"og:site_name\" content=\"Grand Jaguar Tours\" \/>\n<meta property=\"article:publisher\" content=\"https:\/\/www.facebook.com\/grandjaguartours\" \/>\n<meta property=\"article:modified_time\" content=\"2025-03-30T23:43:41+00:00\" \/>\n<meta property=\"og:image\" content=\"https:\/\/grandjaguartours.com\/wp-content\/uploads\/2023\/09\/antigua-scaled.jpg\" \/>\n\t<meta property=\"og:image:width\" content=\"2560\" \/>\n\t<meta property=\"og:image:height\" content=\"1920\" \/>\n\t<meta property=\"og:image:type\" content=\"image\/jpeg\" \/>\n<meta name=\"twitter:card\" content=\"summary_large_image\" \/>\n<meta name=\"twitter:label1\" content=\"Est. reading time\" \/>\n\t<meta name=\"twitter:data1\" content=\"1 minuto\" \/>\n<script type=\"application\/ld+json\" class=\"yoast-schema-graph\">{\"@context\":\"https:\\\/\\\/schema.org\",\"@graph\":[{\"@type\":\"WebPage\",\"@id\":\"https:\\\/\\\/grandjaguartours.com\\\/es\\\/product\\\/favorites-tour\\\/\",\"url\":\"https:\\\/\\\/grandjaguartours.com\\\/es\\\/product\\\/favorites-tour\\\/\",\"name\":\"Grand Jaguar Tours | Start a real adventure in Guatemala\",\"isPartOf\":{\"@id\":\"https:\\\/\\\/grandjaguartours.com\\\/#website\"},\"primaryImageOfPage\":{\"@id\":\"https:\\\/\\\/grandjaguartours.com\\\/es\\\/product\\\/favorites-tour\\\/#primaryimage\"},\"image\":{\"@id\":\"https:\\\/\\\/grandjaguartours.com\\\/es\\\/product\\\/favorites-tour\\\/#primaryimage\"},\"thumbnailUrl\":\"https:\\\/\\\/grandjaguartours.com\\\/wp-content\\\/uploads\\\/2023\\\/09\\\/antigua-scaled.jpg\",\"datePublished\":\"2025-01-18T10:20:50+00:00\",\"dateModified\":\"2025-03-30T23:43:41+00:00\",\"description\":\"Walk in our colonial streets, sail in the most beautiful lake on the world and live an a real adventure in the tropical jungle of Tikal.\",\"breadcrumb\":{\"@id\":\"https:\\\/\\\/grandjaguartours.com\\\/es\\\/product\\\/favorites-tour\\\/#breadcrumb\"},\"inLanguage\":\"es\",\"potentialAction\":[{\"@type\":\"ReadAction\",\"target\":[\"https:\\\/\\\/grandjaguartours.com\\\/es\\\/product\\\/favorites-tour\\\/\"]}]},{\"@type\":\"ImageObject\",\"inLanguage\":\"es\",\"@id\":\"https:\\\/\\\/grandjaguartours.com\\\/es\\\/product\\\/favorites-tour\\\/#primaryimage\",\"url\":\"https:\\\/\\\/grandjaguartours.com\\\/wp-content\\\/uploads\\\/2023\\\/09\\\/antigua-scaled.jpg\",\"contentUrl\":\"https:\\\/\\\/grandjaguartours.com\\\/wp-content\\\/uploads\\\/2023\\\/09\\\/antigua-scaled.jpg\",\"width\":2560,\"height\":1920,\"caption\":\"Fall in love with Antigua Guatemala \u2013 vibrant cobblestone streets, colorful culture, and timeless charm await you.\"},{\"@type\":\"BreadcrumbList\",\"@id\":\"https:\\\/\\\/grandjaguartours.com\\\/es\\\/product\\\/favorites-tour\\\/#breadcrumb\",\"itemListElement\":[{\"@type\":\"ListItem\",\"position\":1,\"name\":\"Home\",\"item\":\"https:\\\/\\\/grandjaguartours.com\\\/\"},{\"@type\":\"ListItem\",\"position\":2,\"name\":\"Shop\",\"item\":\"https:\\\/\\\/grandjaguartours.com\\\/shop\\\/\"},{\"@type\":\"ListItem\",\"position\":3,\"name\":\"Favorites Tour\"}]},{\"@type\":\"WebSite\",\"@id\":\"https:\\\/\\\/grandjaguartours.com\\\/#website\",\"url\":\"https:\\\/\\\/grandjaguartours.com\\\/\",\"name\":\"Grand Jaguar Tours\",\"description\":\"La verdadera aventura est&aacute; en Guatemala.\",\"publisher\":{\"@id\":\"https:\\\/\\\/grandjaguartours.com\\\/#organization\"},\"alternateName\":\"Grand Jaguar Tours\",\"potentialAction\":[{\"@type\":\"SearchAction\",\"target\":{\"@type\":\"EntryPoint\",\"urlTemplate\":\"https:\\\/\\\/grandjaguartours.com\\\/?s={search_term_string}\"},\"query-input\":{\"@type\":\"PropertyValueSpecification\",\"valueRequired\":true,\"valueName\":\"search_term_string\"}}],\"inLanguage\":\"es\"},{\"@type\":\"Organization\",\"@id\":\"https:\\\/\\\/grandjaguartours.com\\\/#organization\",\"name\":\"Grand Jaguar Tours\",\"alternateName\":\"Grand Jaguar Tours\",\"url\":\"https:\\\/\\\/grandjaguartours.com\\\/\",\"logo\":{\"@type\":\"ImageObject\",\"inLanguage\":\"es\",\"@id\":\"https:\\\/\\\/grandjaguartours.com\\\/#\\\/schema\\\/logo\\\/image\\\/\",\"url\":\"https:\\\/\\\/grandjaguartours.com\\\/wp-content\\\/uploads\\\/2022\\\/10\\\/cropped-Grand-Jaguar-Logo-5.webp\",\"contentUrl\":\"https:\\\/\\\/grandjaguartours.com\\\/wp-content\\\/uploads\\\/2022\\\/10\\\/cropped-Grand-Jaguar-Logo-5.webp\",\"width\":600,\"height\":600,\"caption\":\"Grand Jaguar Tours\"},\"image\":{\"@id\":\"https:\\\/\\\/grandjaguartours.com\\\/#\\\/schema\\\/logo\\\/image\\\/\"},\"sameAs\":[\"https:\\\/\\\/www.facebook.com\\\/grandjaguartours\"]}]}<\/script>\n<!-- \/ Yoast SEO plugin. -->","yoast_head_json":{"title":"Grand Jaguar Tours | Start a real adventure in Guatemala","description":"Walk in our colonial streets, sail in the most beautiful lake on the world and live an a real adventure in the tropical jungle of Tikal.","robots":{"index":"index","follow":"follow","max-snippet":"max-snippet:-1","max-image-preview":"max-image-preview:large","max-video-preview":"max-video-preview:-1"},"canonical":"https:\/\/grandjaguartours.com\/es\/product\/favorites-tour\/","og_locale":"es_ES","og_type":"article","og_title":"Grand Jaguar Tours | Start a real adventure in Guatemala","og_description":"Walk in our colonial streets, sail in the most beautiful lake on the world and live an a real adventure in the tropical jungle of Tikal.","og_url":"https:\/\/grandjaguartours.com\/es\/product\/favorites-tour\/","og_site_name":"Grand Jaguar Tours","article_publisher":"https:\/\/www.facebook.com\/grandjaguartours","article_modified_time":"2025-03-30T23:43:41+00:00","og_image":[{"width":2560,"height":1920,"url":"https:\/\/grandjaguartours.com\/wp-content\/uploads\/2023\/09\/antigua-scaled.jpg","type":"image\/jpeg"}],"twitter_card":"summary_large_image","twitter_misc":{"Est. reading time":"1 minuto"},"schema":{"@context":"https:\/\/schema.org","@graph":[{"@type":"WebPage","@id":"https:\/\/grandjaguartours.com\/es\/product\/favorites-tour\/","url":"https:\/\/grandjaguartours.com\/es\/product\/favorites-tour\/","name":"Grand Jaguar Tours | Start a real adventure in Guatemala","isPartOf":{"@id":"https:\/\/grandjaguartours.com\/#website"},"primaryImageOfPage":{"@id":"https:\/\/grandjaguartours.com\/es\/product\/favorites-tour\/#primaryimage"},"image":{"@id":"https:\/\/grandjaguartours.com\/es\/product\/favorites-tour\/#primaryimage"},"thumbnailUrl":"https:\/\/grandjaguartours.com\/wp-content\/uploads\/2023\/09\/antigua-scaled.jpg","datePublished":"2025-01-18T10:20:50+00:00","dateModified":"2025-03-30T23:43:41+00:00","description":"Walk in our colonial streets, sail in the most beautiful lake on the world and live an a real adventure in the tropical jungle of Tikal.","breadcrumb":{"@id":"https:\/\/grandjaguartours.com\/es\/product\/favorites-tour\/#breadcrumb"},"inLanguage":"es","potentialAction":[{"@type":"ReadAction","target":["https:\/\/grandjaguartours.com\/es\/product\/favorites-tour\/"]}]},{"@type":"ImageObject","inLanguage":"es","@id":"https:\/\/grandjaguartours.com\/es\/product\/favorites-tour\/#primaryimage","url":"https:\/\/grandjaguartours.com\/wp-content\/uploads\/2023\/09\/antigua-scaled.jpg","contentUrl":"https:\/\/grandjaguartours.com\/wp-content\/uploads\/2023\/09\/antigua-scaled.jpg","width":2560,"height":1920,"caption":"Fall in love with Antigua Guatemala \u2013 vibrant cobblestone streets, colorful culture, and timeless charm await you."},{"@type":"BreadcrumbList","@id":"https:\/\/grandjaguartours.com\/es\/product\/favorites-tour\/#breadcrumb","itemListElement":[{"@type":"ListItem","position":1,"name":"Home","item":"https:\/\/grandjaguartours.com\/"},{"@type":"ListItem","position":2,"name":"Shop","item":"https:\/\/grandjaguartours.com\/shop\/"},{"@type":"ListItem","position":3,"name":"Favorites Tour"}]},{"@type":"WebSite","@id":"https:\/\/grandjaguartours.com\/#website","url":"https:\/\/grandjaguartours.com\/","name":"Grand Jaguar Tours","description":"La verdadera aventura est&aacute; en Guatemala.","publisher":{"@id":"https:\/\/grandjaguartours.com\/#organization"},"alternateName":"Grand Jaguar Tours","potentialAction":[{"@type":"SearchAction","target":{"@type":"EntryPoint","urlTemplate":"https:\/\/grandjaguartours.com\/?s={search_term_string}"},"query-input":{"@type":"PropertyValueSpecification","valueRequired":true,"valueName":"search_term_string"}}],"inLanguage":"es"},{"@type":"Organization","@id":"https:\/\/grandjaguartours.com\/#organization","name":"Grand Jaguar Tours","alternateName":"Grand Jaguar Tours","url":"https:\/\/grandjaguartours.com\/","logo":{"@type":"ImageObject","inLanguage":"es","@id":"https:\/\/grandjaguartours.com\/#\/schema\/logo\/image\/","url":"https:\/\/grandjaguartours.com\/wp-content\/uploads\/2022\/10\/cropped-Grand-Jaguar-Logo-5.webp","contentUrl":"https:\/\/grandjaguartours.com\/wp-content\/uploads\/2022\/10\/cropped-Grand-Jaguar-Logo-5.webp","width":600,"height":600,"caption":"Grand Jaguar Tours"},"image":{"@id":"https:\/\/grandjaguartours.com\/#\/schema\/logo\/image\/"},"sameAs":["https:\/\/www.facebook.com\/grandjaguartours"]}]}},"_links":{"self":[{"href":"https:\/\/grandjaguartours.com\/es\/wp-json\/wp\/v2\/product\/2252","targetHints":{"allow":["GET"]}}],"collection":[{"href":"https:\/\/grandjaguartours.com\/es\/wp-json\/wp\/v2\/product"}],"about":[{"href":"https:\/\/grandjaguartours.com\/es\/wp-json\/wp\/v2\/types\/product"}],"replies":[{"embeddable":true,"href":"https:\/\/grandjaguartours.com\/es\/wp-json\/wp\/v2\/comments?post=2252"}],"wp:featuredmedia":[{"embeddable":true,"href":"https:\/\/grandjaguartours.com\/es\/wp-json\/wp\/v2\/media\/2229"}],"wp:attachment":[{"href":"https:\/\/grandjaguartours.com\/es\/wp-json\/wp\/v2\/media?parent=2252"}],"wp:term":[{"taxonomy":"product_brand","embeddable":true,"href":"https:\/\/grandjaguartours.com\/es\/wp-json\/wp\/v2\/product_brand?post=2252"},{"taxonomy":"product_cat","embeddable":true,"href":"https:\/\/grandjaguartours.com\/es\/wp-json\/wp\/v2\/product_cat?post=2252"},{"taxonomy":"product_tag","embeddable":true,"href":"https:\/\/grandjaguartours.com\/es\/wp-json\/wp\/v2\/product_tag?post=2252"}],"curies":[{"name":"wp","href":"https:\/\/api.w.org\/{rel}","templated":true}]}}